{"id":257,"date":"2017-01-28T10:57:47","date_gmt":"2017-01-28T10:57:47","guid":{"rendered":"http:\/\/pro-teuto.de\/pt\/?page_id=257"},"modified":"2017-02-05T17:32:49","modified_gmt":"2017-02-05T17:32:49","slug":"wasser-und-kalkabbau","status":"publish","type":"page","link":"https:\/\/www.pro-teuto.de\/?page_id=257","title":{"rendered":"Wasser und Kalkabbau"},"content":{"rendered":"<h3>Schutz des Wassers und Kalkabbau im Teutoburger Wald<\/h3>\n<p>Der Teutoburger Wald ist Teil\u00a0 der von der Europ\u00e4ischen Union (EU) ausgewiesenen \u201eNatura 2000\u201c- Gebiete. &#8222;Natura 2000&#8220; ist die offizielle Bezeichnung f\u00fcr ein koh\u00e4rentes Netz von Schutzgebieten, das innerhalb der Europ\u00e4ischen Union nach den Ma\u00dfgaben der Richtlinie 92\/43\/EWG (Fauna-Flora-Habitat-Richtlinie, kurz FFH-Richtlinie) errichtet wird. Sein Zweck ist der l\u00e4nder\u00fcbergreifende Schutz gef\u00e4hrdeter wildlebender heimischer Pflanzen- und Tierarten und ihrer nat\u00fcrlichen Lebensr\u00e4ume. Der Teutoburger Wald stellt wegen seiner Besonderheiten von Flora und Fauna eine der <strong>besonders erhaltenswerten Regionen Deutschlands<\/strong> dar.<\/p>\n<p>Von hoher Bedeutung sind im Gebiet des Teutoburger Waldes die <strong>Quellen<\/strong>. Sie z\u00e4hlen zu den besonders ansprechenden Lebensr\u00e4umen mit hohem Symbolwert f\u00fcr Sauberkeit, Klarheit und Urspr\u00fcnglichkeit.<\/p>\n<p>Eine Vielzahl der verschiedenartigen Quelltypen lassen sich auf der gesamten L\u00e4nge zwischen Lengerich und Lienen finden. Zu den Quellen z\u00e4hlt man dauerhaft und tempor\u00e4r sch\u00fcttende Sicker-, Sturz- und T\u00fcmpelquellen. Auch Quellb\u00e4che mit kalkhaltigem Wasser und Ausf\u00e4llungen von Kalksinter und <strong>Kalktuffquellen <\/strong>z\u00e4hlen zu den sch\u00fctzenswerten Biotopen und sind in dieser Art\u00a0 von der Vernichtung bedroht und nach \u00a730 Bundesnaturschutzgesetz <strong>besonders<\/strong> gesch\u00fctzt.<br \/>\n<img loading=\"lazy\" decoding=\"async\" class=\"alignright\" src=\"https:\/\/pro-teuto.de\/images\/stories\/skizze.jpg\" width=\"271\" height=\"192\" border=\"0\" \/><br \/>\nM\u00f6gliche <strong>Gef\u00e4hrdungen<\/strong> der Quellen k\u00f6nnen durch Grundwasserabsenkungen, Einfassungen der Quellen, Trittsch\u00e4den und \u00e4hnliche Faktoren hervorgerufen werden. Kalktuffquellen sind priorit\u00e4re Lebensraumtypen (LRT 7220) und nach europ\u00e4ischem Recht besonders gesch\u00fctzt. Die Wasser, die die B\u00e4che speisen und deren Zusammenl\u00e4ufe in Fl\u00fcsse und Seen des M\u00fcnsterlandes m\u00fcnden, gelten f\u00fcr Fachleute als <strong>Lebensadern<\/strong> der Wasserversorgung f\u00fcr die St\u00e4dte und Gemeinden im nahen Umland und bis ins Ruhrgebiet.<\/p>\n<p><em>Bildquelle:\u00a0Kalksteinabbau? Aufforderung zum intelligenten Umgang mit einem begrenzten Rohstoff. Stiftung f\u00fcr die Natur &#8211; Ravensberg<\/em><\/p>\n","protected":false},"excerpt":{"rendered":"<p>Schutz des Wassers und Kalkabbau im Teutoburger Wald Der Teutoburger Wald ist Teil\u00a0 der von der Europ\u00e4ischen Union (EU) ausgewiesenen \u201eNatura 2000\u201c- Gebiete.&hellip;<\/p>\n","protected":false},"author":1,"featured_media":0,"parent":0,"menu_order":0,"comment_status":"closed","ping_status":"closed","template":"","meta":{"footnotes":""},"class_list":["post-257","page","type-page","status-publish","hentry"],"_links":{"self":[{"href":"https:\/\/www.pro-teuto.de\/index.php?rest_route=\/wp\/v2\/pages\/257","targetHints":{"allow":["GET"]}}],"collection":[{"href":"https:\/\/www.pro-teuto.de\/index.php?rest_route=\/wp\/v2\/pages"}],"about":[{"href":"https:\/\/www.pro-teuto.de\/index.php?rest_route=\/wp\/v2\/types\/page"}],"author":[{"embeddable":true,"href":"https:\/\/www.pro-teuto.de\/index.php?rest_route=\/wp\/v2\/users\/1"}],"replies":[{"embeddable":true,"href":"https:\/\/www.pro-teuto.de\/index.php?rest_route=%2Fwp%2Fv2%2Fcomments&post=257"}],"version-history":[{"count":3,"href":"https:\/\/www.pro-teuto.de\/index.php?rest_route=\/wp\/v2\/pages\/257\/revisions"}],"predecessor-version":[{"id":672,"href":"https:\/\/www.pro-teuto.de\/index.php?rest_route=\/wp\/v2\/pages\/257\/revisions\/672"}],"wp:attachment":[{"href":"https:\/\/www.pro-teuto.de\/index.php?rest_route=%2Fwp%2Fv2%2Fmedia&parent=257"}],"curies":[{"name":"wp","href":"https:\/\/api.w.org\/{rel}","templated":true}]}}