{"id":263,"date":"2017-01-28T11:00:38","date_gmt":"2017-01-28T11:00:38","guid":{"rendered":"http:\/\/pro-teuto.de\/pt\/?page_id=263"},"modified":"2024-02-15T11:25:08","modified_gmt":"2024-02-15T11:25:08","slug":"hausbrunnen-am-teuto","status":"publish","type":"page","link":"https:\/\/www.pro-teuto.de\/?page_id=263","title":{"rendered":"Hausbrunnen am Teuto"},"content":{"rendered":"<h3>Hausbrunnenproblematik am Teutoburger Wald<\/h3>\n<p>Mehrere B\u00fcrger haben bei den Beh\u00f6rden ein Absinken ihrer Wasserst\u00e4nde in den Hausbrunnen in der N\u00e4he der Steinbr\u00fcche beklagt.<\/p>\n<p><strong>Lengerich:<\/strong><\/p>\n<p>Im hydrogeologischen Gutachten zur Umweltvertr\u00e4glichkeitsstudie der Genehmigungen von 1998 heisst es:<\/p>\n<p><em>&#8222;F\u00fcr alle Hausbrunnen entlang der Sudenfelderstrasse ist eine hydraulische Auswirkung der Abgrabungserweiterung Lengerich nicht auszuschlie\u00dfen. Es ist daher unumg\u00e4nglich, diese Brunnen in ein Beweissicherungsprogramm zu integrieren, um entsch\u00e4digungspflichtige abgrabungsbedingte Beeintr\u00e4chtigungen der Hauswasserversorgungen fr\u00fchzeitig erkennen zu k\u00f6nnen und durch geeignete Ma\u00dfnahmen (z.B.Vertiefung von Brunnen, Einbau tieferliegender und leistungsf\u00e4higerer Pumpen etc.) auszugleichen.&#8220;<\/em><\/p>\n<p>Es wurde daher im letzten Genehmigungsbescheid zum Kalkabbau vom 25.02.1999 zur <strong>Auflage<\/strong> gemacht, diese ausgew\u00e4hlten Brunnen entlang der Sudenfelderstrasse in ein &#8222;Beweissicherungsprogramm&#8220; zu integrieren.<\/p>\n<p>Aus Sicht von Pro Teuto e.V. besteht jedoch die Bef\u00fcrchtung, dass wesentlich mehr Bereiche im Umfeld des Lengericher und Lienener Teutoburger Waldes von den Auswirkungen der Abgrabungen betroffen sein k\u00f6nnten und diese sich nicht nur auf einige dokumentierte Hausbrunnen entlang der Sudenfelderstrasse beschr\u00e4nken k\u00f6nnten. Auf der Nordseite des Teutokammes befindet sich das Einzugsgebiet der Wassergewinnung Schollbruch, dort befinden sich auch landwirtschaftliche Betriebe mit Viehhaltung, die auf die Eigenwasserversorgung angewiesen sind. Es wird bef\u00fcrchtet, dass auch das Einzugsgebiet der Wassergewinnung Schollbruch von den Auswirkungen der Abgrabungen betroffen sein k\u00f6nnte.<\/p>\n<p>Inzwischen hat Pro Teuto e.V. den <strong>Arbeitskreis Wasser<\/strong> gegr\u00fcndet, die Mitglieder m\u00f6chten die Situation der Quellen und Hausbrunnen in und am Teutoburger Wald <strong>mit Hilfe der Bev\u00f6lkerung<\/strong> dokumentieren und bewerten.<\/p>\n<p>Zu diesem Zweck werden die subjektiven Beobachtungen zu den Hausbrunnen und zu den Quellen aus der Bev\u00f6lkerung gesammelt. Es wurden zwei Frageb\u00f6gen erstellt, die interessierte B\u00fcrger hier downloaden k\u00f6nnen.<\/p>\n<p>Bitte f\u00fcllen Sie die Fragebogen aus und senden diese an Pro Teuto e.V. Sudenfelder Stra\u00dfe 94<br \/>\n49525 Lengerich. Ihre pers\u00f6nlichen Daten werden absolut vertraulich behandelt.<\/p>\n<p>&nbsp;<\/p>\n<p><strong><em><a href=\"https:\/\/pro-teuto.de\/wp-content\/uploads\/2017\/02\/Fragebogen_Brunnen.pdf\" target=\"_blank\" rel=\"noopener\">Download Fragebogen Hausbrunnenbesitzer <\/a> <\/em> <\/strong><\/p>\n<p><strong> <em> <a href=\"https:\/\/pro-teuto.de\/wp-content\/uploads\/2017\/02\/Fragebogen_Quellen.pdf\" target=\"_blank\" rel=\"noopener\"> Download Fragebogen Quellen <\/a> <\/em> <\/strong><\/p>\n<p><strong><em>\u00a0<\/em><\/strong><\/p>\n<p>Ebenso f\u00fchrt die Arbeitsgruppe auch m\u00fcndliche Befragungen durch und ist an den Beobachtungen der B\u00fcrger, insbesondere auch denen <strong>\u00e4lterer B\u00fcrger<\/strong> interessiert.<\/p>\n<p>Die B\u00fcrgerinitiative freut sich \u00fcber aktive Unterst\u00fctzung aus der Bev\u00f6lkerung.<\/p>\n<p><strong>Ihre Stimme wird geh\u00f6rt!<\/strong><\/p>\n","protected":false},"excerpt":{"rendered":"<p>Hausbrunnenproblematik am Teutoburger Wald Mehrere B\u00fcrger haben bei den Beh\u00f6rden ein Absinken ihrer Wasserst\u00e4nde in den Hausbrunnen in der N\u00e4he der Steinbr\u00fcche beklagt.&hellip;<\/p>\n","protected":false},"author":1,"featured_media":0,"parent":0,"menu_order":0,"comment_status":"closed","ping_status":"closed","template":"","meta":{"footnotes":""},"class_list":["post-263","page","type-page","status-publish","hentry"],"_links":{"self":[{"href":"https:\/\/www.pro-teuto.de\/index.php?rest_route=\/wp\/v2\/pages\/263","targetHints":{"allow":["GET"]}}],"collection":[{"href":"https:\/\/www.pro-teuto.de\/index.php?rest_route=\/wp\/v2\/pages"}],"about":[{"href":"https:\/\/www.pro-teuto.de\/index.php?rest_route=\/wp\/v2\/types\/page"}],"author":[{"embeddable":true,"href":"https:\/\/www.pro-teuto.de\/index.php?rest_route=\/wp\/v2\/users\/1"}],"replies":[{"embeddable":true,"href":"https:\/\/www.pro-teuto.de\/index.php?rest_route=%2Fwp%2Fv2%2Fcomments&post=263"}],"version-history":[{"count":7,"href":"https:\/\/www.pro-teuto.de\/index.php?rest_route=\/wp\/v2\/pages\/263\/revisions"}],"predecessor-version":[{"id":2936,"href":"https:\/\/www.pro-teuto.de\/index.php?rest_route=\/wp\/v2\/pages\/263\/revisions\/2936"}],"wp:attachment":[{"href":"https:\/\/www.pro-teuto.de\/index.php?rest_route=%2Fwp%2Fv2%2Fmedia&parent=263"}],"curies":[{"name":"wp","href":"https:\/\/api.w.org\/{rel}","templated":true}]}}