{"id":272,"date":"2017-01-28T11:05:43","date_gmt":"2017-01-28T11:05:43","guid":{"rendered":"http:\/\/pro-teuto.de\/pt\/?page_id=272"},"modified":"2017-02-05T17:25:24","modified_gmt":"2017-02-05T17:25:24","slug":"ffh-schutzgebiet","status":"publish","type":"page","link":"https:\/\/www.pro-teuto.de\/?page_id=272","title":{"rendered":"FFH-Schutzgebiet"},"content":{"rendered":"<p><img loading=\"lazy\" decoding=\"async\" src=\"https:\/\/pro-teuto.de\/wp-content\/uploads\/2017\/02\/niederwald.jpg\" alt=\"\" width=\"1440\" height=\"530\" class=\"alignnone size-full wp-image-639\" srcset=\"https:\/\/www.pro-teuto.de\/wp-content\/uploads\/2017\/02\/niederwald.jpg 1440w, https:\/\/www.pro-teuto.de\/wp-content\/uploads\/2017\/02\/niederwald-300x110.jpg 300w, https:\/\/www.pro-teuto.de\/wp-content\/uploads\/2017\/02\/niederwald-768x283.jpg 768w, https:\/\/www.pro-teuto.de\/wp-content\/uploads\/2017\/02\/niederwald-1024x377.jpg 1024w\" sizes=\"auto, (max-width: 1440px) 100vw, 1440px\" \/><\/p>\n<h3>FFH-Gebiet \u201eN\u00f6rdliche Teile des Teutoburger Waldes mit Intruper Berg\u201c<\/h3>\n<h3>NATURA 2000 Nr.: DE 3813-302<\/h3>\n<table border=\"0\" cellspacing=\"0\" cellpadding=\"0\">\n<tbody>\n<tr>\n<td valign=\"top\">Das FFH Schutzgebiet \u201eN\u00f6rdliche Teile des Teutoburger Waldes mit Intruper Berg\u201c zwischen Lengerich und Lienen hat eine Fl\u00e4che von 783 ha. Obwohl das Gebiet nach europ\u00e4ischem Recht h\u00f6chsten Lebensraum- und Artenschutz genie\u00dft, sind durch Kalkabbau bisher drei riesige L\u00f6cher entstanden.<\/p>\n<p>\u201eBei dem Gebiet handelt es sich um herausragenden Waldmeister-Buchenwald auf Kalkuntergrund mit gro\u00dfen, alten ehemaligen Buchenniederw\u00e4ldern, naturnahem Quellbachsystem und gro\u00dfer Bedeutung f\u00fcr den landesweiten Waldbiotopverbund.\u201c<br \/>\n<em>(Quelle: Standarddatenbogen Landesanstalt f\u00fcr \u00d6kologie, Bodenordnung und Forsten NRW) <\/em><\/p>\n<p><img loading=\"lazy\" decoding=\"async\" class=\"alignnone size-full wp-image-638\" src=\"https:\/\/pro-teuto.de\/wp-content\/uploads\/2017\/02\/hirsch_ffh.jpg\" alt=\"\" width=\"635\" height=\"154\" srcset=\"https:\/\/www.pro-teuto.de\/wp-content\/uploads\/2017\/02\/hirsch_ffh.jpg 635w, https:\/\/www.pro-teuto.de\/wp-content\/uploads\/2017\/02\/hirsch_ffh-300x73.jpg 300w\" sizes=\"auto, (max-width: 635px) 100vw, 635px\" \/><\/td>\n<td valign=\"top\">Das Gebiet hat eine hohe Bedeutung f\u00fcr:<br \/>\n<em> Kammolch,<br \/>\n<\/em><em> Teichfledermaus,<\/em><em><br \/>\nGro\u00dfes Mausohr,<\/em><em><br \/>\nFransenfledermaus,<br \/>\nWasserfledermaus,<br \/>\nBraunesLangohr,<\/em><br \/>\n<em> Breitfl\u00fcgelfledermaus,<br \/>\nZwergfledermaus,<br \/>\nRauhhautfledermaus,<br \/>\nGro\u00dfer Abendsegler,<br \/>\nLaubfrosch,<br \/>\nUhu,<br \/>\nSchwarzspecht<\/em><\/td>\n<\/tr>\n<\/tbody>\n<\/table>\n<h3>Natura 2000<\/h3>\n<p>Natura 2000 ist ein Netz von Schutzgebieten, das innerhalb der Europ\u00e4ischen Union nach den Ma\u00dfgaben der Richtlinie 92\/43\/EWG (Fauna-Flora-Habitat-Richtlinie, kurz FFH-Richtlinie) errichtet wird. Sein Zweck ist der l\u00e4nder\u00fcbergreifende Schutz gef\u00e4hrdeter wildlebender heimischer Pflanzen- und Tierarten und ihrer nat\u00fcrlichen Lebensr\u00e4ume.<\/p>\n<p>Der Teutoburger Wald ist ein Waldkorridor, der eine tragende funktions\u00f6kologische Rolle einnimmt als Verbindungsfl\u00e4che zwischen den national bedeutenden Schl\u00fcsselgebieten. Diese Korridore schaffen den &#8222;Kontakt&#8220; zwischen diesen Schl\u00fcsselgebieten und erm\u00f6glichen so den europaweiten Waldverbund, der f\u00fcr den Artenschutz so wichtig ist.<\/p>\n<p>Nach der FFH Richtlinie, die europ\u00e4isches Recht ist, sind die Mitgliedsstaaten verpflichtet, die gemeldeten Gebiete als besondere Schutzgebiete (BSG) endg\u00fcltig und dauerhaft unter Schutz zu stellen. Dabei haben sie f\u00fcr einen \u201eg\u00fcnstigen Erhaltungszustand\u201c zu sorgen.<\/p>\n<p>Innerhalb dieser Gebiete sind alle geplanten Eingriffe einer strengen Vertr\u00e4glichkeitspr\u00fcfung nach Art. 6 der FFH-RL zu unterwerfen.<\/p>\n<p>Jede weitere Ausweitung der Kalkabbaufl\u00e4chen erfordert eine Vertr\u00e4glichkeitspr\u00fcfung nach Europ\u00e4ischem Recht.<\/p>\n<table border=\"0\">\n<tbody>\n<tr>\n<td>\n<h3>Warum biologische Vielfalt so wichtig ist<\/h3>\n<p>Biologische Vielfalt (Biodiversit\u00e4t) umfasst die <strong>Vielfalt der Arten <\/strong>(Pflanzen, Tiere und Mikroorganismen), die <strong>Vielfalt der Lebensr\u00e4ume<\/strong>, in denen die Arten leben, sowie die <strong>genetische Vielfalt <\/strong>innerhalb der Art.<\/p>\n<p>Biologische Vielfalt hat neben ihrem Wert als \u201eNaturerbe\u201c, essenzielle Bedeutung als Lebensgrundlage f\u00fcr den Menschen. Die biologische Vielfalt nimmt eine zentrale Rolle im Zusammenhang mit der Anpassungsf\u00e4higkeit von \u00d6kosystemen an ge\u00e4nderte Rahmenbedingungen ein (Stichwort Klimawandel).<\/p>\n<p>Je mehr Arten und genetische Vielfalt es in einem Lebensraum gibt, desto eher k\u00f6nnen sich Lebewesen an Ver\u00e4nderungen des Klimas und der Umwelt anpassen. Die Zerst\u00f6rung von Lebensr\u00e4umen f\u00fcr Pflanzen und Tiere richtet deshalb auch einen gesamtwirtschaftlichen \u00f6konomischen Schaden an, der kaum zu beziffern ist.<\/td>\n<td>\u00a0<img loading=\"lazy\" decoding=\"async\" class=\"alignnone wp-image-650\" src=\"https:\/\/pro-teuto.de\/wp-content\/uploads\/2017\/02\/quellbach.jpg\" width=\"363\" height=\"674\" srcset=\"https:\/\/www.pro-teuto.de\/wp-content\/uploads\/2017\/02\/quellbach.jpg 342w, https:\/\/www.pro-teuto.de\/wp-content\/uploads\/2017\/02\/quellbach-162x300.jpg 162w\" sizes=\"auto, (max-width: 363px) 100vw, 363px\" \/><\/td>\n<\/tr>\n<\/tbody>\n<\/table>\n<h3>Das FFH Gebiet \u00a0&#8211; so wichtig f\u00fcr uns<\/h3>\n<p>Naturnahe Buchenw\u00e4lder erf\u00fcllen diverse Wohlfahrtsfunktionen. Ein hoher Erlebniswert und die gro\u00dfe Attraktivit\u00e4t f\u00fcr Erholungssuchende f\u00fchren zu einer Wertsch\u00f6pfung durch den Tourismus und sichern nachhaltige Arbeitspl\u00e4tze in der gesamten Region. Der H\u00f6henkamm des Teutoburger Waldes nimmt hier eine bedeutende Stellung ein. Die Vermarktung von Holz aus zertifizierter Forstwirtschaft sichert viele Arbeitspl\u00e4tze, denn Holz ist ein nachwachsender und begehrter Rohstoff.<\/p>\n<p>Intakte Buchenw\u00e4lder nehmen CO\u00b2 und Schadstoffe aus der Luft auf und leisten einen wertvollen Beitrag zur Reduzierung der Treibhausgase. Buchenw\u00e4lder besitzen dar\u00fcber hinaus gute Wasserspeicherfunktionen. Deshalb spielen sie in Zeiten des globalen Klimawandels eine besondere Rolle.<\/p>\n<p><img loading=\"lazy\" decoding=\"async\" class=\"size-full wp-image-637 aligncenter\" src=\"https:\/\/pro-teuto.de\/wp-content\/uploads\/2017\/02\/karstwasser.jpg\" alt=\"\" width=\"635\" height=\"411\" srcset=\"https:\/\/www.pro-teuto.de\/wp-content\/uploads\/2017\/02\/karstwasser.jpg 635w, https:\/\/www.pro-teuto.de\/wp-content\/uploads\/2017\/02\/karstwasser-300x194.jpg 300w\" sizes=\"auto, (max-width: 635px) 100vw, 635px\" \/><\/p>\n<p>Im Juni 2011 wurden f\u00fcnf deutsche Buchenwaldgebiete in die Liste der UNESCO Weltnaturerbest\u00e4tten aufgenommen. Damit sind diese Gebiete gleichgestellt mit der &#8222;Serengeti in Ostafrika&#8220; und dem &#8222;Yellowstone-Nationalpark&#8220; in den USA. Alte Buchenw\u00e4lder geh\u00f6ren zu den am st\u00e4rksten bedrohten Lebensr\u00e4umen der Erde. Besonders bedroht sind alte, naturnahe Buchenw\u00e4lder mit einer enormen Artenvielfalt. Solche Buchenw\u00e4lder gibt es in Deutschland nur noch auf 0,16 Prozent der Waldfl\u00e4che.<\/p>\n<p>Deutschland tr\u00e4gt auf nationaler, europ\u00e4ischer und globaler Ebene besondere Verantwortung f\u00fcr den Erhalt von Buchenwald \u00d6kosystemen. Deutschland liegt im Zentrum der Verbreitung des nat\u00fcrlichen \u00d6kosystems \u201eeurop\u00e4ische Buchenw\u00e4lder\u201c.<\/p>\n<p>&nbsp;<\/p>\n<p><em>Literaturhinweis:<\/em> <em>\u201eBonner Thesen zum Naturerbe Buchenw\u00e4lder des Bundesamt f\u00fcr Naturschutz (BfN)\u201c<\/em><\/p>\n<p>&nbsp;<\/p>\n<h3>Wichtige Schutzfunktionen des Teutoburger Waldes<\/h3>\n<p>Die Waldfl\u00e4chen sch\u00fctzen Siedlungs- und landwirtschaftliche Nutzfl\u00e4chen vor Kaltluft und Windsch\u00e4den. Sie wirken ausgleichend auf unser Klima und bieten Schutz vor sch\u00e4dlichen Immissionen.<\/p>\n<p>Die Waldfl\u00e4chen sch\u00fctzen Grund- und Oberfl\u00e4chenwasser vor Stoffeintr\u00e4gen. Viele hundert Quellen entspringen im Teutoburger Wald und den Vorlandbereichen. Immissionsbelastungen der Luft werden durch den Baumbestand ausgek\u00e4mmt. Die W\u00e4lder sch\u00fctzen Quellen und Grundwasser.<\/p>\n<p><em>Quelle: Kalksteinabbau? Aufforderung zum intelligenten Umgang mit einem begrenzten Rohstoff. Siftung f\u00fcr die Natur &#8211; Ravensberg, November 1997<\/em><\/p>\n","protected":false},"excerpt":{"rendered":"<p>FFH-Gebiet \u201eN\u00f6rdliche Teile des Teutoburger Waldes mit Intruper Berg\u201c NATURA 2000 Nr.: DE 3813-302 Das FFH Schutzgebiet \u201eN\u00f6rdliche Teile des Teutoburger Waldes mit&hellip;<\/p>\n","protected":false},"author":1,"featured_media":0,"parent":0,"menu_order":0,"comment_status":"closed","ping_status":"closed","template":"","meta":{"footnotes":""},"class_list":["post-272","page","type-page","status-publish","hentry"],"_links":{"self":[{"href":"https:\/\/www.pro-teuto.de\/index.php?rest_route=\/wp\/v2\/pages\/272","targetHints":{"allow":["GET"]}}],"collection":[{"href":"https:\/\/www.pro-teuto.de\/index.php?rest_route=\/wp\/v2\/pages"}],"about":[{"href":"https:\/\/www.pro-teuto.de\/index.php?rest_route=\/wp\/v2\/types\/page"}],"author":[{"embeddable":true,"href":"https:\/\/www.pro-teuto.de\/index.php?rest_route=\/wp\/v2\/users\/1"}],"replies":[{"embeddable":true,"href":"https:\/\/www.pro-teuto.de\/index.php?rest_route=%2Fwp%2Fv2%2Fcomments&post=272"}],"version-history":[{"count":25,"href":"https:\/\/www.pro-teuto.de\/index.php?rest_route=\/wp\/v2\/pages\/272\/revisions"}],"predecessor-version":[{"id":669,"href":"https:\/\/www.pro-teuto.de\/index.php?rest_route=\/wp\/v2\/pages\/272\/revisions\/669"}],"wp:attachment":[{"href":"https:\/\/www.pro-teuto.de\/index.php?rest_route=%2Fwp%2Fv2%2Fmedia&parent=272"}],"curies":[{"name":"wp","href":"https:\/\/api.w.org\/{rel}","templated":true}]}}