{"id":425,"date":"2017-01-28T12:27:33","date_gmt":"2017-01-28T12:27:33","guid":{"rendered":"http:\/\/pro-teuto.de\/pt\/?page_id=425"},"modified":"2017-02-05T17:59:30","modified_gmt":"2017-02-05T17:59:30","slug":"genehmigung-zur-muellverbrennung","status":"publish","type":"page","link":"https:\/\/www.pro-teuto.de\/?page_id=425","title":{"rendered":"Genehmigung zur M\u00fcllverbrennung"},"content":{"rendered":"<p><img loading=\"lazy\" decoding=\"async\" class=\"alignnone size-full wp-image-682\" src=\"https:\/\/pro-teuto.de\/wp-content\/uploads\/2017\/02\/qualmwerk.jpg\" alt=\"\" width=\"635\" height=\"154\" srcset=\"https:\/\/www.pro-teuto.de\/wp-content\/uploads\/2017\/02\/qualmwerk.jpg 635w, https:\/\/www.pro-teuto.de\/wp-content\/uploads\/2017\/02\/qualmwerk-300x73.jpg 300w\" sizes=\"auto, (max-width: 635px) 100vw, 635px\" \/><\/p>\n<h3>Was wurde im Jahr 2005 in welchen Mengen bereits zur Mitverbrennung genehmigt ?<\/h3>\n<p>Das Zementwerk Buzzi\/Dyckerhoff AG \u00a0erhielt im Juli 2005 die Genehmigung zum Einsatz von Ersatzbrennstoffen Fluff (1), Tiermehl (2) und L\u00f6semittel (3) f\u00fcr die Drehrohr\u00f6fen Nr. 4 und Nr. 8. Die genannte Mengeneinheit sind Tonnen pro Stunde. Ersatzbrennstoffe werden sowohl im Ofen 4, als auch in Ofen 8 verbrannt.<\/p>\n<h3>Genehmigte Einsatzmengen Drehrohrofenanlage 4:<\/h3>\n<p>Erzeugung von max. 60% der notwendigen Feuerungsw\u00e4rme durch den Einsatz von Fluff, Tiermehl und L\u00f6semittel in der Hauptfeuerung, sowie von Fluff und Tiermehl in der Calzinatorfeuerung<\/p>\n<table border=\"1\" cellspacing=\"0\" cellpadding=\"0\">\n<tbody>\n<tr>\n<td valign=\"top\" width=\"211\">Drehrohrofenanlage 4<\/td>\n<td valign=\"top\" width=\"199\">Hauptfeuerung<\/td>\n<td style=\"text-align: right;\" valign=\"top\" width=\"205\">Calzinatorfeuerung<\/td>\n<\/tr>\n<tr>\n<td valign=\"top\" width=\"211\"><\/td>\n<td valign=\"top\" width=\"199\">bis max. t\/h<\/td>\n<td style=\"text-align: right;\" valign=\"top\" width=\"205\">bis max. t\/h<\/td>\n<\/tr>\n<tr>\n<td valign=\"top\" width=\"211\">Feste Sekund\u00e4rbrennstoffe<\/p>\n<p>Heizwert 20 +- 2 MJ\/kg<\/td>\n<td style=\"text-align: center;\" colspan=\"2\" align=\"left\" valign=\"middle\">7,7<\/td>\n<\/tr>\n<tr>\n<td valign=\"top\" width=\"211\">Tiermehl<\/p>\n<p>Heizwert 20 +- 5 MJ\/kg<\/td>\n<td style=\"text-align: center;\" colspan=\"2\" align=\"left\" valign=\"middle\">4,5<\/td>\n<\/tr>\n<tr>\n<td valign=\"top\" width=\"211\">L\u00f6semittel<\/p>\n<p>Hu &gt;- 14 MJ\/kg im Mittel 18<br \/>\nMJ\/kg<\/td>\n<td align=\"left\" valign=\"middle\">2,5<\/td>\n<td valign=\"top\" width=\"205\"><\/td>\n<\/tr>\n<\/tbody>\n<\/table>\n<p>&nbsp;<\/p>\n<p>&nbsp;<\/p>\n<h3>Genehmigte Einsatzmengen Drehrohrofenanlage 8:<\/h3>\n<p>Erzeugung von max. 75% der notwendigen Feuerungsw\u00e4rme durch den Einsatz von Fluff, Tiermehl und L\u00f6semittel in der Hauptfeuerung, sowie von Fluff und Tiermehl in der Calzinatorfeuerung<\/p>\n<table border=\"1\" cellspacing=\"0\" cellpadding=\"0\">\n<tbody>\n<tr>\n<td valign=\"top\" width=\"211\">Drehrohrofenanlage 8<\/td>\n<td valign=\"top\" width=\"199\">Hauptfeuerung<\/td>\n<td style=\"text-align: right;\" valign=\"top\" width=\"205\">Calzinatorfeuerung<\/td>\n<\/tr>\n<tr>\n<td valign=\"top\" width=\"211\"><\/td>\n<td valign=\"top\" width=\"199\">bis max. t\/h<\/td>\n<td style=\"text-align: right;\" valign=\"top\" width=\"205\">bis max. t\/h<\/td>\n<\/tr>\n<tr>\n<td valign=\"top\" width=\"211\">Feste Sekund\u00e4rbrennstoffe<\/p>\n<p>Heizwert 20 +- 2 MJ\/kg<\/td>\n<td colspan=\"2\" align=\"center\" valign=\"middle\">11,0<\/td>\n<\/tr>\n<tr>\n<td valign=\"top\" width=\"211\">Tiermehl<\/p>\n<p>Heizwert 20 +- 5 MJ\/kg<\/td>\n<td colspan=\"2\" align=\"center\" valign=\"middle\">7,0<\/td>\n<\/tr>\n<tr>\n<td valign=\"top\" width=\"211\">L\u00f6semittel<\/p>\n<p>Hu &gt;- 14 MJ\/kg im Mittel 18<br \/>\nMJ\/kg<\/td>\n<td align=\"center\" valign=\"middle\">4,0<\/td>\n<td valign=\"top\" width=\"205\"><\/td>\n<\/tr>\n<\/tbody>\n<\/table>\n<p><em>Quelle: Auszug aus dem Genehmigungsbescheid der Bezirksregierung M\u00fcnster vom 28.Juli 2005<\/em><\/p>\n<p>&nbsp;<\/p>\n<p>Um die j\u00e4hrlichen Mengen zu erhalten m\u00fcssten die Werte bei einer angenommenen Anzahl von 4.500 Betriebsstunden pro Jahr mit der Zahl 4.500 multipliziert werden. F\u00fcr die genehmigten Tiermehlmengen d\u00fcrfen auch feste Sekund\u00e4rbrennstoffe verbrannt werden. Dadurch erh\u00f6ht sich die Menge an festen Sekund\u00e4rbrennstoffen dann auf max. <strong>21t\/h<\/strong>*<\/p>\n<p><em>*Quelle: siehe Erg\u00e4nzungsbescheid aus 2007<\/em><\/p>\n<p><strong>Beispielrechnung:\u00a0 21 t Fluff pro Stunde x 8000 Betriebsstunden = 168.000 Tonnen \/ Jahr<\/strong><\/p>\n<p>Die Genehmigungen sind an eine Reihe von Auflagen gebunden.<\/p>\n<p>&nbsp;<\/p>\n<p>(1)\u00a0Fluff : Feste Ersatzbrennstoffe, z.B. Kunststoffabf\u00e4lle, Farb- und Lackabf\u00e4lle,<br \/>\nnicht kompostierte Fraktion von Siedlungs- und \u00e4hnlichen Abf\u00e4llen, Gummi, etc.<\/p>\n<p>(2)\u00a0Tiermehl<\/p>\n<p>(3)\u00a0L\u00f6semittel: z.B. Reaktions- und Destillationsr\u00fcckst\u00e4nde, Farb- oder Lackschl\u00e4mme,<br \/>\nhalogenierte L\u00f6semittelgemische, Waschfl\u00fcssigkeiten und Mutterlaugen, etc.<\/p>\n","protected":false},"excerpt":{"rendered":"<p>Was wurde im Jahr 2005 in welchen Mengen bereits zur Mitverbrennung genehmigt ? Das Zementwerk Buzzi\/Dyckerhoff AG \u00a0erhielt im Juli 2005 die Genehmigung&hellip;<\/p>\n","protected":false},"author":1,"featured_media":0,"parent":0,"menu_order":0,"comment_status":"closed","ping_status":"closed","template":"","meta":{"footnotes":""},"class_list":["post-425","page","type-page","status-publish","hentry"],"_links":{"self":[{"href":"https:\/\/www.pro-teuto.de\/index.php?rest_route=\/wp\/v2\/pages\/425","targetHints":{"allow":["GET"]}}],"collection":[{"href":"https:\/\/www.pro-teuto.de\/index.php?rest_route=\/wp\/v2\/pages"}],"about":[{"href":"https:\/\/www.pro-teuto.de\/index.php?rest_route=\/wp\/v2\/types\/page"}],"author":[{"embeddable":true,"href":"https:\/\/www.pro-teuto.de\/index.php?rest_route=\/wp\/v2\/users\/1"}],"replies":[{"embeddable":true,"href":"https:\/\/www.pro-teuto.de\/index.php?rest_route=%2Fwp%2Fv2%2Fcomments&post=425"}],"version-history":[{"count":9,"href":"https:\/\/www.pro-teuto.de\/index.php?rest_route=\/wp\/v2\/pages\/425\/revisions"}],"predecessor-version":[{"id":693,"href":"https:\/\/www.pro-teuto.de\/index.php?rest_route=\/wp\/v2\/pages\/425\/revisions\/693"}],"wp:attachment":[{"href":"https:\/\/www.pro-teuto.de\/index.php?rest_route=%2Fwp%2Fv2%2Fmedia&parent=425"}],"curies":[{"name":"wp","href":"https:\/\/api.w.org\/{rel}","templated":true}]}}