{"id":55,"date":"2017-01-27T09:35:59","date_gmt":"2017-01-27T09:35:59","guid":{"rendered":"http:\/\/pro-teuto.de\/pt\/?page_id=55"},"modified":"2024-01-05T18:07:53","modified_gmt":"2024-01-05T18:07:53","slug":"kontakt-2","status":"publish","type":"page","link":"https:\/\/www.pro-teuto.de\/?page_id=55","title":{"rendered":"Kontakt"},"content":{"rendered":"<h3>Kontaktadresse<\/h3>\n<p>B\u00fcrgerinitiative Pro Teuto e.V.<br \/>\nSudenfelder Stra\u00dfe 94<br \/>\n49525 Lengerich<\/p>\n<p>Direkter Maillink <a href=\"mailto:info@pro-teuto.de\">info@pro-teuto.de<\/a><\/p>\n<p><a href=\"https:\/\/pro-teuto.de\/?page_id=1286\" target=\"_blank\" rel=\"noopener noreferrer\">Datenschutzerkl\u00e4rung nach der DSGVO<\/a><\/p>\n<hr \/>\n<h3>Mitglied werden<\/h3>\n<p>Unterst\u00fctzen Sie uns und werden Sie Mitglied in der B\u00fcrgerinitiative Pro Teuto\u00a0 e.V.<\/p>\n<p><a href=\"https:\/\/www.pro-teuto.de\/wp-content\/uploads\/2024\/01\/Pro_Teuto_Aufnahmeantrag.pdf\" target=\"_blank\" rel=\"noopener noreferrer\">Download Mitgliedsantrag<\/a><\/p>\n<p><!--Sollten Sie zudem Interesse haben, sich aktiv in einem unserer Arbeitskreise zu beteiligen, nehmen Sie bitte Kontakt zu uns auf. Aktuelle Informationen finden Sie regelm\u00e4\u00dfig auf unserer Homepage oder in unseren Rundmails an alle Mitglieder.--><\/p>\n<hr \/>\n<p>&#8222;<strong>Tu, wo du bist, was du kannst, mit dem, was du hast&#8220;<\/strong><\/p>\n<p><cite>Theodor Roosevelt<\/cite><\/p>\n<p>&#8212;&#8212;&#8212;&#8212;&#8212;&#8212;&#8212;&#8212;&#8212;-<br \/>\n<!--Der Mitgliedsbeitrag betr\u00e4gt f\u00fcr Erwachsene j\u00e4hrlich nur 20 Euro, f\u00fcr Jugendliche bis 18 Jahren j\u00e4hrlich nur 5 Euro. Als Mitglied haften Sie nicht f\u00fcr Verbindlichkeiten des Vereins und tragen kein finanzielles Risiko, das \u00fcber Ihren Beitrag hinaus geht.--><\/p>\n<p><!--<a href=\"https:\/\/pro-teuto.de\/wp-content\/uploads\/2017\/02\/Beitritt.pdf\" target=\"_blank\" rel=\"noopener noreferrer\">Download Antrag Beitrittsformular<\/a>--><\/p>\n<p>Gerne \u00fcbersenden wir Ihnen unsere Satzung per Mail, bitte fordern Sie diese an unter<\/p>\n<p><a href=\"mailto:info@pro-teuto.de\">info@pro-teuto.de<\/a><\/p>\n<hr \/>\n<h3>Unterst\u00fctzen Sie uns durch Ihre Spende<\/h3>\n<p>Wir freuen uns \u00fcber jede finanzielle Zuwendung, die unsere Arbeit unterst\u00fctzt.<\/p>\n<p>Als gemeinn\u00fctziger Verein sind Ihre Spenden steuerlich abzugsf\u00e4hig.<\/p>\n<p>Jeweils zu Beginn des Folgejahres erhalten Sie per Post unaufgefordert eine Spendenquittung.<br \/>\nBitte geben Sie deshalb auf dem \u00dcberweisungsformular ihre vollst\u00e4ndige Adresse an.<\/p>\n<p><input name=\"hosted_button_id\" type=\"hidden\" value=\"74MAC765E2YL4\" \/>Bankverbindung Spendenkonto:<\/p>\n<p>Stadtsparkasse Lengerich<br \/>\nIBAN:\u00a0\u00a0\u00a0 DE36 4015 4476 0003 0047 85<br \/>\nBIC:\u00a0\u00a0\u00a0\u00a0\u00a0 WELADED1 LEN STSPK LENGERICH<br \/>\nKontoinhaber: B\u00fcrgerinitiative Pro Teuto e.V.<\/p>\n<p>Pro Teuto finanziert sich aus Mitgliedsbeitr\u00e4gen, Spenden und regelm\u00e4\u00dfigen F\u00f6rderbeitr\u00e4gen. F\u00f6rderbeitr\u00e4ge sichern unsere Unabh\u00e4ngigkeit und erweitern unsere Handlungsm\u00f6glichkeiten. Wenn Sie uns regelm\u00e4\u00dfig mit einer kleinen Summe f\u00f6rdern wollen, nehmen Sie doch bitte Kontakt zu uns auf oder richten Sie einen Dauerauftrag zugunsten unseres F\u00f6rderkontos ein:<\/p>\n<p>Bankverbindung F\u00f6rderkonto:<\/p>\n<p>Stadtsparkasse Lengerich<br \/>\nIBAN: DE18 4015 4476 0001 1602 66<br \/>\nBIC: WELADED1LEN<br \/>\nKontoinhaber: B\u00fcrgerinitiative Pro Teuto e.V.<\/p>\n<p><input name=\"hosted_button_id\" type=\"hidden\" value=\"74MAC765E2YL4\" \/><\/p>\n<p><strong>Herzlichen Dank f\u00fcr Ihre Unterst\u00fctzung!<\/strong><\/p>\n","protected":false},"excerpt":{"rendered":"<p>Kontaktadresse B\u00fcrgerinitiative Pro Teuto e.V. Sudenfelder Stra\u00dfe 94 49525 Lengerich Direkter Maillink info@pro-teuto.de Datenschutzerkl\u00e4rung nach der DSGVO Mitglied werden Unterst\u00fctzen Sie uns und&hellip;<\/p>\n","protected":false},"author":1,"featured_media":0,"parent":0,"menu_order":0,"comment_status":"closed","ping_status":"closed","template":"","meta":{"footnotes":""},"class_list":["post-55","page","type-page","status-publish","hentry"],"_links":{"self":[{"href":"https:\/\/www.pro-teuto.de\/index.php?rest_route=\/wp\/v2\/pages\/55","targetHints":{"allow":["GET"]}}],"collection":[{"href":"https:\/\/www.pro-teuto.de\/index.php?rest_route=\/wp\/v2\/pages"}],"about":[{"href":"https:\/\/www.pro-teuto.de\/index.php?rest_route=\/wp\/v2\/types\/page"}],"author":[{"embeddable":true,"href":"https:\/\/www.pro-teuto.de\/index.php?rest_route=\/wp\/v2\/users\/1"}],"replies":[{"embeddable":true,"href":"https:\/\/www.pro-teuto.de\/index.php?rest_route=%2Fwp%2Fv2%2Fcomments&post=55"}],"version-history":[{"count":29,"href":"https:\/\/www.pro-teuto.de\/index.php?rest_route=\/wp\/v2\/pages\/55\/revisions"}],"predecessor-version":[{"id":2932,"href":"https:\/\/www.pro-teuto.de\/index.php?rest_route=\/wp\/v2\/pages\/55\/revisions\/2932"}],"wp:attachment":[{"href":"https:\/\/www.pro-teuto.de\/index.php?rest_route=%2Fwp%2Fv2%2Fmedia&parent=55"}],"curies":[{"name":"wp","href":"https:\/\/api.w.org\/{rel}","templated":true}]}}